{"id":818,"date":"2019-03-17T20:42:02","date_gmt":"2019-03-17T19:42:02","guid":{"rendered":"http:\/\/conafed.org\/?page_id=818"},"modified":"2022-09-21T23:53:34","modified_gmt":"2022-09-21T21:53:34","slug":"presentation-2","status":"publish","type":"page","link":"http:\/\/conafed.org\/index.php\/presentation-2\/","title":{"rendered":"Pr\u00e9sentation"},"content":{"rendered":"\t\t<div data-elementor-type=\"wp-page\" data-elementor-id=\"818\" class=\"elementor elementor-818\">\n\t\t\t\t\t\t<div class=\"elementor-inner\">\n\t\t\t\t<div class=\"elementor-section-wrap\">\n\t\t\t\t\t\t\t\t\t<section class=\"elementor-section elementor-top-section elementor-element elementor-element-2918538a elementor-section-boxed elementor-section-height-default elementor-section-height-default wpr-particle-no wpr-jarallax-no wpr-parallax-no wpr-sticky-section-no elementor-invisible\" data-id=\"2918538a\" data-element_type=\"section\" data-settings=\"{&quot;animation&quot;:&quot;fadeIn&quot;,&quot;_ha_eqh_enable&quot;:false}\">\n\t\t\t\t\t\t<div class=\"elementor-container elementor-column-gap-default\">\n\t\t\t\t\t\t\t<div class=\"elementor-row\">\n\t\t\t\t\t<div class=\"elementor-column elementor-col-50 elementor-top-column elementor-element elementor-element-7dfa7558\" data-id=\"7dfa7558\" data-element_type=\"column\">\n\t\t\t<div class=\"elementor-column-wrap elementor-element-populated\">\n\t\t\t\t\t\t\t<div class=\"elementor-widget-wrap\">\n\t\t\t\t\t\t<div class=\"elementor-element elementor-element-41e3452 elementor-widget elementor-widget-heading\" data-id=\"41e3452\" data-element_type=\"widget\" data-widget_type=\"heading.default\">\n\t\t\t\t<div class=\"elementor-widget-container\">\n\t\t\t<h2 class=\"elementor-heading-title elementor-size-default\">Historique<\/h2>\t\t<\/div>\n\t\t\t\t<\/div>\n\t\t\t\t<div class=\"elementor-element elementor-element-6247379e elementor-widget elementor-widget-text-editor\" data-id=\"6247379e\" data-element_type=\"widget\" data-widget_type=\"text-editor.default\">\n\t\t\t\t<div class=\"elementor-widget-container\">\n\t\t\t\t\t\t\t\t<div class=\"elementor-text-editor elementor-clearfix\">\n\t\t\t\t<p>En novembre 1997, un atelier national sur le \u00ab\u00a0Gender\u00a0\u00bb, rassemblant 66 d\u00e9l\u00e9gu\u00e9s (dont 6 venant de chaque province), est organis\u00e9 \u00e0 Kinshasa \u00e0 l\u2019issue duquel la \u00ab\u00a0Commission Technique Femme et D\u00e9veloppement\u00a0\u00bb du CNONGD (Conseil National des Organisations Non Gouvernementales de D\u00e9veloppement) devient le \u00ab\u00a0<strong>Comit\u00e9 National Femme et D\u00e9veloppement\u00a0\u00bb,\u00a0<\/strong>en sigle<strong>\u00a0CONAFED.<\/strong><\/p>\n<p>Par ailleurs, cette session propose un programme d\u2019action triennal qui est soumis \u00e0 une ONG des Pays-Bas\u00a0: \u00ab\u00a0Bilance\u00a0\u00bb. Apr\u00e8s des s\u00e9ances de travail entre les deux parties, l\u2019association n\u00e9erlandaise accepte d\u2019assurer le financement des activit\u00e9s qui ne d\u00e9butent en fait qu\u2019en mai 1998.<\/p>\n<p>Depuis mai 1998, le R\u00e9seau CONAFED a \u00e9labor\u00e9 3 plans d\u2019action triennaux et a \u00e9t\u00e9 successivement administr\u00e9 par deux pr\u00e9sidentes du C.A. et un Secr\u00e9taire Permanente encore en place conform\u00e9ment \u00e0 la volont\u00e9 exprim\u00e9e par ses membres.<\/p>\n<p>Depuis le 21 d\u00e9cembre 2004, le CONAFED a acc\u00e9d\u00e9 \u00e0 son autonomie juridique en faisant adopter \u00e0 l\u2019unanimit\u00e9 ses textes statutaires au cours de son Assembl\u00e9e G\u00e9n\u00e9rale Extraordinaire. Ce processus d\u2019autonomisation a \u00e9t\u00e9 accept\u00e9 et approuv\u00e9 par l\u2019Assembl\u00e9 G\u00e9n\u00e9rale du CNONGD de juin 2007 organis\u00e9e \u00e0 Kisangani dans la Province Orientale. Comme nous pouvons le remarquer, la pr\u00e9sence et le travail du CONAFED dans toutes les provinces de la RDC (y compris dans les endroits les plus recul\u00e9s) lui donne une envergure nationale et fait effectivement du CONAFED une premi\u00e8re organisation nationale sp\u00e9cialis\u00e9e en genre en RDC. Son action\u00a0 a d\u00e9pass\u00e9 les limites des seules organisations membres affili\u00e9es sur le terrain et son fonctionnement est conforme \u00e0 la loi sur les ASBL de la RDC.<\/p>\t\t\t\t\t<\/div>\n\t\t\t\t\t\t<\/div>\n\t\t\t\t<\/div>\n\t\t\t\t\t\t<\/div>\n\t\t\t\t\t<\/div>\n\t\t<\/div>\n\t\t\t\t<div class=\"elementor-column elementor-col-50 elementor-top-column elementor-element elementor-element-14b131ff\" data-id=\"14b131ff\" data-element_type=\"column\">\n\t\t\t<div class=\"elementor-column-wrap elementor-element-populated\">\n\t\t\t\t\t\t\t<div class=\"elementor-widget-wrap\">\n\t\t\t\t\t\t<div class=\"elementor-element elementor-element-3d01d104 elementor-position-left elementor-vertical-align-top elementor-widget elementor-widget-image-box\" data-id=\"3d01d104\" data-element_type=\"widget\" data-widget_type=\"image-box.default\">\n\t\t\t\t<div class=\"elementor-widget-container\">\n\t\t\t<div class=\"elementor-image-box-wrapper\"><figure class=\"elementor-image-box-img\"><img width=\"80\" height=\"80\" src=\"http:\/\/conafed.org\/wp-content\/uploads\/2022\/09\/feature-Icon-1.png\" class=\"attachment-full size-full\" alt=\"\" loading=\"lazy\" \/><\/figure><div class=\"elementor-image-box-content\"><h3 class=\"elementor-image-box-title\">Vision<\/h3><p class=\"elementor-image-box-description\">Contribuer \u00e0 ouvrir les foyers, les associations, les \u00e9glises, les entreprises,  la vie publique \u00e0 l\u2019 \u00ab approche Genre \u00bb pour que ces diff\u00e9rents espaces l\u2019int\u00e8grent et arrivent \u00e0 cr\u00e9er une soci\u00e9t\u00e9 o\u00f9 l\u2019homme et la femme se r\u00e9partissent \u00e9quitablement les droits et devoirs.<\/p><\/div><\/div>\t\t<\/div>\n\t\t\t\t<\/div>\n\t\t\t\t<div class=\"elementor-element elementor-element-14b17b00 elementor-position-left elementor-vertical-align-top elementor-widget elementor-widget-image-box\" data-id=\"14b17b00\" data-element_type=\"widget\" data-widget_type=\"image-box.default\">\n\t\t\t\t<div class=\"elementor-widget-container\">\n\t\t\t<div class=\"elementor-image-box-wrapper\"><figure class=\"elementor-image-box-img\"><img width=\"80\" height=\"80\" src=\"http:\/\/conafed.org\/wp-content\/uploads\/2022\/09\/feature-icon-2-2.png\" class=\"attachment-full size-full\" alt=\"\" loading=\"lazy\" \/><\/figure><div class=\"elementor-image-box-content\"><h3 class=\"elementor-image-box-title\">Buts<\/h3><p class=\"elementor-image-box-description\">Promouvoir, par \u00ab l\u2019approche GENRE \u00bb, une soci\u00e9t\u00e9 plus juste et plus harmonieuse, favorable \u00e0 l\u2019\u00e9mergence du leadership f\u00e9minin.\nCr\u00e9er un cadre de recherche, de concertation et de solidarit\u00e9 pour appuyer les associations f\u00e9minines et autres qui pr\u00f4nent le GENRE.<\/p><\/div><\/div>\t\t<\/div>\n\t\t\t\t<\/div>\n\t\t\t\t<div class=\"elementor-element elementor-element-902723b ha-infobox-media-dir-top elementor-widget elementor-widget-ha-infobox happy-addon ha-infobox\" data-id=\"902723b\" data-element_type=\"widget\" data-widget_type=\"ha-infobox.default\">\n\t\t\t\t<div class=\"elementor-widget-container\">\n\t\t\t\n\t\t\t\t\t<figure class=\"ha-infobox-figure ha-infobox-figure--icon\">\n\t\t\t\t<i aria-hidden=\"true\" class=\"fas fa-smile-wink\"><\/i>\t\t\t<\/figure>\n\t\t\n\t\t<div class=\"ha-infobox-body\">\n\t\t\t<h2 class=\"ha-infobox-title\">Organes<\/h2>\n\t\t\t\t\t\t\t<div class=\"ha-infobox-text\">\n\t\t\t\t\t<p>Apr\u00e8s ce Dialogue, le CONAFED s\u2019est vu honor\u00e9 par 24 femmes de son r\u00e9seau sur les 29 de la Soci\u00e9t\u00e9 Civile du Parlement de Transition qui entre comme d\u00e9put\u00e9s de la transition apr\u00e8s les Accords de paix sign\u00e9 \u00e0 Pretoria.\n\nD\u2019autres animatrices du CONAFED ont \u00e9t\u00e9 \u00e9lues pour remplacer les partantes. Ici, nous devons souligner que les Assembl\u00e9es nationale et provinciales sont des organes qui statuent sur les mandats des d\u00e9l\u00e9gu\u00e9es et des responsables. La Pr\u00e9sidente est \u00e9lue pour une dur\u00e9e de 3 ans renouvelable une fois et la Secr\u00e9taire permanente est \u00e9lue pour un mandat de 4 ans renouvelable une fois.<\/p>\n\t\t\t\t<\/div>\n\t\t\t\n\t\t\t\t\t<\/div>\n\t\t\t\t<\/div>\n\t\t\t\t<\/div>\n\t\t\t\t\t\t<\/div>\n\t\t\t\t\t<\/div>\n\t\t<\/div>\n\t\t\t\t\t\t\t\t<\/div>\n\t\t\t\t\t<\/div>\n\t\t<\/section>\n\t\t\t\t<section class=\"elementor-section elementor-top-section elementor-element elementor-element-ef307b7 elementor-section-boxed elementor-section-height-default elementor-section-height-default wpr-particle-no wpr-jarallax-no wpr-parallax-no wpr-sticky-section-no\" data-id=\"ef307b7\" data-element_type=\"section\" data-settings=\"{&quot;_ha_eqh_enable&quot;:false}\">\n\t\t\t\t\t\t<div class=\"elementor-container elementor-column-gap-default\">\n\t\t\t\t\t\t\t<div class=\"elementor-row\">\n\t\t\t\t\t<div class=\"elementor-column elementor-col-100 elementor-top-column elementor-element elementor-element-1323719\" data-id=\"1323719\" data-element_type=\"column\">\n\t\t\t<div class=\"elementor-column-wrap\">\n\t\t\t\t\t\t\t<div class=\"elementor-widget-wrap\">\n\t\t\t\t\t\t\t\t<\/div>\n\t\t\t\t\t<\/div>\n\t\t<\/div>\n\t\t\t\t\t\t\t\t<\/div>\n\t\t\t\t\t<\/div>\n\t\t<\/section>\n\t\t\t\t<section class=\"elementor-section elementor-top-section elementor-element elementor-element-62d157df elementor-section-boxed elementor-section-height-default elementor-section-height-default wpr-particle-no wpr-jarallax-no wpr-parallax-no wpr-sticky-section-no elementor-invisible\" data-id=\"62d157df\" data-element_type=\"section\" data-settings=\"{&quot;background_background&quot;:&quot;classic&quot;,&quot;animation&quot;:&quot;fadeIn&quot;,&quot;_ha_eqh_enable&quot;:false}\">\n\t\t\t\t\t\t<div class=\"elementor-container elementor-column-gap-default\">\n\t\t\t\t\t\t\t<div class=\"elementor-row\">\n\t\t\t\t\t<div class=\"elementor-column elementor-col-100 elementor-top-column elementor-element elementor-element-7f84a7df\" data-id=\"7f84a7df\" data-element_type=\"column\">\n\t\t\t<div class=\"elementor-column-wrap elementor-element-populated\">\n\t\t\t\t\t\t\t<div class=\"elementor-widget-wrap\">\n\t\t\t\t\t\t<section class=\"elementor-section elementor-top-section elementor-element elementor-element-147c24a6 elementor-section-boxed elementor-section-height-default elementor-section-height-default wpr-particle-no wpr-jarallax-no wpr-parallax-no wpr-sticky-section-no\" data-id=\"147c24a6\" data-element_type=\"section\" data-settings=\"{&quot;_ha_eqh_enable&quot;:false}\">\n\t\t\t\t\t\t<div class=\"elementor-container elementor-column-gap-default\">\n\t\t\t\t\t\t\t<div class=\"elementor-row\">\n\t\t\t\t\t<div class=\"elementor-column elementor-col-100 elementor-top-column elementor-element elementor-element-4ccbadcb\" data-id=\"4ccbadcb\" data-element_type=\"column\">\n\t\t\t<div class=\"elementor-column-wrap elementor-element-populated\">\n\t\t\t\t\t\t\t<div class=\"elementor-widget-wrap\">\n\t\t\t\t\t\t<div class=\"elementor-element elementor-element-6f285959 elementor-widget elementor-widget-heading\" data-id=\"6f285959\" data-element_type=\"widget\" data-widget_type=\"heading.default\">\n\t\t\t\t<div class=\"elementor-widget-container\">\n\t\t\t<h2 class=\"elementor-heading-title elementor-size-default\">Responsables<\/h2>\t\t<\/div>\n\t\t\t\t<\/div>\n\t\t\t\t\t\t<\/div>\n\t\t\t\t\t<\/div>\n\t\t<\/div>\n\t\t\t\t\t\t\t\t<\/div>\n\t\t\t\t\t<\/div>\n\t\t<\/section>\n\t\t\t\t<section class=\"elementor-section elementor-top-section elementor-element elementor-element-317f5772 elementor-section-full_width elementor-section-height-default elementor-section-height-default wpr-particle-no wpr-jarallax-no wpr-parallax-no wpr-sticky-section-no\" data-id=\"317f5772\" data-element_type=\"section\" data-settings=\"{&quot;_ha_eqh_enable&quot;:false}\">\n\t\t\t\t\t\t<div class=\"elementor-container elementor-column-gap-default\">\n\t\t\t\t\t\t\t<div class=\"elementor-row\">\n\t\t\t\t\t<div class=\"elementor-column elementor-col-50 elementor-top-column elementor-element elementor-element-7bc7ecf5\" data-id=\"7bc7ecf5\" data-element_type=\"column\">\n\t\t\t<div class=\"elementor-column-wrap elementor-element-populated\">\n\t\t\t\t\t\t\t<div class=\"elementor-widget-wrap\">\n\t\t\t\t\t\t<div class=\"elementor-element elementor-element-c775c6f elementor-widget elementor-widget-ha-image-hover-effect happy-addon ha-image-hover-effect\" data-id=\"c775c6f\" data-element_type=\"widget\" data-widget_type=\"ha-image-hover-effect.default\">\n\t\t\t\t<div class=\"elementor-widget-container\">\n\t\t\t\t\t<div class=\"ha-ihe-wrapper grid\">\n\t\t\t<figure class=\"ha-ihe-fig ha-effect-ruby\">\n\t\t\t\t<img class=\"ha-ihe-img\" src=\"http:\/\/conafed.org\/wp-content\/plugins\/elementor\/assets\/images\/placeholder.png\" alt=\"Image hover effect image\" \/>\n\t\t\t\t<figcaption class=\"ha-ihe-caption\">\n\t\t\t\t\t\t\t\t\t\t\t<h2 class=\"ha-ihe-title\">   Justine <span> NDJOKU<\/span><\/h2>\t\t\t\t\t\t\t\t\t\t\t\t\t<p class=\"ha-ihe-desc\">Pr\u00e9sidente du Conseil d\u2019Administration.<\/p>\n\t\t\t\t\t\t\t\t\t\t\t\t\t\t\t\t\t\t\t\t\t<\/figcaption>\n\t\t\t<\/figure>\n\t\t<\/div>\n\t\t<\/div>\n\t\t\t\t<\/div>\n\t\t\t\t\t\t<\/div>\n\t\t\t\t\t<\/div>\n\t\t<\/div>\n\t\t\t\t<div class=\"elementor-column elementor-col-50 elementor-top-column elementor-element elementor-element-58d7a2a8\" data-id=\"58d7a2a8\" data-element_type=\"column\">\n\t\t\t<div class=\"elementor-column-wrap elementor-element-populated\">\n\t\t\t\t\t\t\t<div class=\"elementor-widget-wrap\">\n\t\t\t\t\t\t<div class=\"elementor-element elementor-element-411ae27 elementor-widget elementor-widget-ha-image-hover-effect happy-addon ha-image-hover-effect\" data-id=\"411ae27\" data-element_type=\"widget\" data-widget_type=\"ha-image-hover-effect.default\">\n\t\t\t\t<div class=\"elementor-widget-container\">\n\t\t\t\t\t<div class=\"ha-ihe-wrapper grid\">\n\t\t\t<figure class=\"ha-ihe-fig ha-effect-ruby\">\n\t\t\t\t<img class=\"ha-ihe-img\" src=\"http:\/\/conafed.org\/wp-content\/uploads\/2022\/09\/DSC_8778.jpg\" alt=\"Image hover effect image\" \/>\n\t\t\t\t<figcaption class=\"ha-ihe-caption\">\n\t\t\t\t\t\t\t\t\t\t\t<h2 class=\"ha-ihe-title\">Jeanne <span> NZUZI NSAMBA<\/span><\/h2>\t\t\t\t\t\t\t\t\t\t\t\t\t<p class=\"ha-ihe-desc\">Secr\u00e9taire Permanente<\/p>\n\t\t\t\t\t\t\t\t\t\t\t\t\t\t\t\t\t\t\t\t\t<\/figcaption>\n\t\t\t<\/figure>\n\t\t<\/div>\n\t\t<\/div>\n\t\t\t\t<\/div>\n\t\t\t\t\t\t<\/div>\n\t\t\t\t\t<\/div>\n\t\t<\/div>\n\t\t\t\t\t\t\t\t<\/div>\n\t\t\t\t\t<\/div>\n\t\t<\/section>\n\t\t\t\t\t\t<\/div>\n\t\t\t\t\t<\/div>\n\t\t<\/div>\n\t\t\t\t\t\t\t\t<\/div>\n\t\t\t\t\t<\/div>\n\t\t<\/section>\n\t\t\t\t<section class=\"elementor-section elementor-top-section elementor-element elementor-element-3cc78644 elementor-section-boxed elementor-section-height-default elementor-section-height-default wpr-particle-no wpr-jarallax-no wpr-parallax-no wpr-sticky-section-no elementor-invisible\" data-id=\"3cc78644\" data-element_type=\"section\" data-settings=\"{&quot;background_background&quot;:&quot;gradient&quot;,&quot;animation&quot;:&quot;fadeIn&quot;,&quot;_ha_eqh_enable&quot;:false}\">\n\t\t\t\t\t\t\t<div class=\"elementor-background-overlay\"><\/div>\n\t\t\t\t\t\t\t<div class=\"elementor-container elementor-column-gap-default\">\n\t\t\t\t\t\t\t<div class=\"elementor-row\">\n\t\t\t\t\t<div class=\"elementor-column elementor-col-100 elementor-top-column elementor-element elementor-element-23eb5b3a\" data-id=\"23eb5b3a\" data-element_type=\"column\">\n\t\t\t<div class=\"elementor-column-wrap elementor-element-populated\">\n\t\t\t\t\t\t\t<div class=\"elementor-widget-wrap\">\n\t\t\t\t\t\t<section class=\"elementor-section elementor-inner-section elementor-element elementor-element-1d3b8150 elementor-section-boxed elementor-section-height-default elementor-section-height-default wpr-particle-no wpr-jarallax-no wpr-parallax-no wpr-sticky-section-no\" data-id=\"1d3b8150\" data-element_type=\"section\" data-settings=\"{&quot;_ha_eqh_enable&quot;:false}\">\n\t\t\t\t\t\t<div class=\"elementor-container elementor-column-gap-default\">\n\t\t\t\t\t\t\t<div class=\"elementor-row\">\n\t\t\t\t\t<div class=\"elementor-column elementor-col-100 elementor-inner-column elementor-element elementor-element-7fb0786\" data-id=\"7fb0786\" data-element_type=\"column\">\n\t\t\t<div class=\"elementor-column-wrap elementor-element-populated\">\n\t\t\t\t\t\t\t<div class=\"elementor-widget-wrap\">\n\t\t\t\t\t\t<div class=\"elementor-element elementor-element-45a28fd7 elementor-widget elementor-widget-heading\" data-id=\"45a28fd7\" data-element_type=\"widget\" data-widget_type=\"heading.default\">\n\t\t\t\t<div class=\"elementor-widget-container\">\n\t\t\t<h2 class=\"elementor-heading-title elementor-size-default\">Impact socio-\u00e9conomique<\/h2>\t\t<\/div>\n\t\t\t\t<\/div>\n\t\t\t\t<div class=\"elementor-element elementor-element-79b187ca elementor-widget elementor-widget-text-editor\" data-id=\"79b187ca\" data-element_type=\"widget\" data-widget_type=\"text-editor.default\">\n\t\t\t\t<div class=\"elementor-widget-container\">\n\t\t\t\t\t\t\t\t<div class=\"elementor-text-editor elementor-clearfix\">\n\t\t\t\t<p>Le CONAFED draine \u00e0 son actif une exp\u00e9rience tr\u00e8s fournie en mati\u00e8re de r\u00e9alisation des programmes relatifs \u00e0 la promotion du genre et \u00e9quit\u00e9 homme-femme, aux droits civiques de la femme, aux droits de la femme, aux droits successoraux, l\u2019entrepreneuriat f\u00e9minin, le leadership f\u00e9minin, les \u00e9lections et les candidatures f\u00e9minines\u2026<\/p>\n<p>Parmi tant des le\u00e7ons tir\u00e9es, il y a l\u2019adoption des lois sur les droits et les articles de la constitution de la R\u00e9publique en faveur de la femme,<\/p>\n<p>Nous avons d\u00e9j\u00e0 organis\u00e9 une enqu\u00eate nationale sur la repr\u00e9sentation de la femme congolaise dans les organes de prise des d\u00e9cisions dans le domaine et secteurs politiques, religieux, entreprises, dans le social, \u00e9ducation, enseignement primaire, secondaire et universitaire et cela dans 6 provinces (Ouest)\u00a0: ressortir les blocages li\u00e9s au genre<\/p>\n<p>Le CONAFED a \u00e9galement organis\u00e9 pendant 9 ans de 1998 \u00e0 2007 des formations d\u00e9centralis\u00e9es dans les provinces en mati\u00e8re de leadership et marketing organisationnel, en genre et en plaidoyer.<\/p>\n<p>Les b\u00e9n\u00e9ficiaires provenant des districts, territoires et chefs-lieux de toutes les provinces y ont pris part. L\u2019objectif \u00e9tait de renforcer les capacit\u00e9s des femmes en provinces et les r\u00e9sultats \u00e9taient\u00a0 de trouver des femmes capables, comp\u00e9tentes et dynamiques tant en villes\u00a0 qu\u2019aux villages tant \u00e0 Kinshasa qu\u2019\u00e0 l\u2019int\u00e9rieur du pays. Et r\u00e9ellement on en a eu 24 (d\u00e9l\u00e9gu\u00e9es CONAFED) qui ont \u00e9t\u00e9 au parlement de transition sur 29 femmes qui venaient de la soci\u00e9t\u00e9 civile en 2003, apr\u00e8s les Accords de Pretoria.<\/p>\t\t\t\t\t<\/div>\n\t\t\t\t\t\t<\/div>\n\t\t\t\t<\/div>\n\t\t\t\t\t\t<\/div>\n\t\t\t\t\t<\/div>\n\t\t<\/div>\n\t\t\t\t\t\t\t\t<\/div>\n\t\t\t\t\t<\/div>\n\t\t<\/section>\n\t\t\t\t\t\t<\/div>\n\t\t\t\t\t<\/div>\n\t\t<\/div>\n\t\t\t\t\t\t\t\t<\/div>\n\t\t\t\t\t<\/div>\n\t\t<\/section>\n\t\t\t\t\t\t\t\t\t<\/div>\n\t\t\t<\/div>\n\t\t\t\t\t<\/div>\n\t\t","protected":false},"excerpt":{"rendered":"<p>Historique En novembre 1997, un atelier national sur le \u00ab\u00a0Gender\u00a0\u00bb, rassemblant 66 d\u00e9l\u00e9gu\u00e9s (dont 6 venant de chaque province), est organis\u00e9 \u00e0 Kinshasa \u00e0 l\u2019issue duquel la \u00ab\u00a0Commission Technique Femme et D\u00e9veloppement\u00a0\u00bb du CNONGD (Conseil National des Organisations Non Gouvernementales de D\u00e9veloppement) devient le \u00ab\u00a0Comit\u00e9 National Femme et D\u00e9veloppement\u00a0\u00bb,\u00a0en sigle\u00a0CONAFED. Par ailleurs, cette session propose [&hellip;]<\/p>\n","protected":false},"author":1,"featured_media":0,"parent":0,"menu_order":0,"comment_status":"closed","ping_status":"closed","template":"","meta":[],"_links":{"self":[{"href":"http:\/\/conafed.org\/index.php\/wp-json\/wp\/v2\/pages\/818"}],"collection":[{"href":"http:\/\/conafed.org\/index.php\/wp-json\/wp\/v2\/pages"}],"about":[{"href":"http:\/\/conafed.org\/index.php\/wp-json\/wp\/v2\/types\/page"}],"author":[{"embeddable":true,"href":"http:\/\/conafed.org\/index.php\/wp-json\/wp\/v2\/users\/1"}],"replies":[{"embeddable":true,"href":"http:\/\/conafed.org\/index.php\/wp-json\/wp\/v2\/comments?post=818"}],"version-history":[{"count":35,"href":"http:\/\/conafed.org\/index.php\/wp-json\/wp\/v2\/pages\/818\/revisions"}],"predecessor-version":[{"id":2561,"href":"http:\/\/conafed.org\/index.php\/wp-json\/wp\/v2\/pages\/818\/revisions\/2561"}],"wp:attachment":[{"href":"http:\/\/conafed.org\/index.php\/wp-json\/wp\/v2\/media?parent=818"}],"curies":[{"name":"wp","href":"https:\/\/api.w.org\/{rel}","templated":true}]}}