{"id":22,"date":"2016-10-27T12:02:22","date_gmt":"2016-10-27T11:02:22","guid":{"rendered":"http:\/\/conafed.org\/?page_id=11"},"modified":"2016-10-27T12:02:22","modified_gmt":"2016-10-27T11:02:22","slug":"organe","status":"publish","type":"page","link":"https:\/\/conafed.org\/index.php\/organe\/","title":{"rendered":"Organe"},"content":{"rendered":"<ul>\n<li>Assembl\u00e9e G\u00e9n\u00e9rale.<\/li>\n<li>Conseil d\u2019Administration.<\/li>\n<li>Commission de Contr\u00f4le.<\/li>\n<li>Secr\u00e9tariat Permanent.<\/li>\n<\/ul>\n<p>Apr\u00e8s ce Dialogue, le CONAFED s\u2019est vu honor\u00e9 par 24 femmes de son r\u00e9seau sur les 29 de la Soci\u00e9t\u00e9 Civile du Parlement de Transition qui entre comme d\u00e9put\u00e9s de la transition apr\u00e8s les Accords de paix sign\u00e9 \u00e0 Pretoria.<br \/>\nD\u2019autres animatrices du CONAFED ont \u00e9t\u00e9 \u00e9lues pour remplacer les partantes. Ici, nous devons souligner que les Assembl\u00e9es nationale et provinciales sont des organes qui statuent sur les mandats des d\u00e9l\u00e9gu\u00e9es et des responsables. La Pr\u00e9sidente est \u00e9lue pour une dur\u00e9e de 3 ans renouvelable une fois et la Secr\u00e9taire permanente est \u00e9lue pour un mandat de 4 ans renouvelable une fois.<br \/>\n<strong><em><u>Responsables<\/u><\/em><\/strong><\/p>\n<ul>\n<li>Justine NDJOKU, Pr\u00e9sidente du Conseil d\u2019Administration.<\/li>\n<li>Jeanne NZUZI NSAMBA, Secr\u00e9taire Permanente.<\/li>\n<\/ul>\n","protected":false},"excerpt":{"rendered":"<p>Assembl\u00e9e G\u00e9n\u00e9rale. Conseil d\u2019Administration. Commission de Contr\u00f4le. Secr\u00e9tariat Permanent. Apr\u00e8s ce Dialogue, le CONAFED s\u2019est vu honor\u00e9 par 24 femmes de son r\u00e9seau sur les 29 de la Soci\u00e9t\u00e9 Civile du Parlement de Transition qui entre comme d\u00e9put\u00e9s de la transition apr\u00e8s les Accords de paix sign\u00e9 \u00e0 Pretoria. D\u2019autres animatrices du CONAFED ont \u00e9t\u00e9 [&hellip;]<\/p>\n","protected":false},"author":1,"featured_media":0,"parent":0,"menu_order":0,"comment_status":"closed","ping_status":"closed","template":"","meta":[],"_links":{"self":[{"href":"https:\/\/conafed.org\/index.php\/wp-json\/wp\/v2\/pages\/22"}],"collection":[{"href":"https:\/\/conafed.org\/index.php\/wp-json\/wp\/v2\/pages"}],"about":[{"href":"https:\/\/conafed.org\/index.php\/wp-json\/wp\/v2\/types\/page"}],"author":[{"embeddable":true,"href":"https:\/\/conafed.org\/index.php\/wp-json\/wp\/v2\/users\/1"}],"replies":[{"embeddable":true,"href":"https:\/\/conafed.org\/index.php\/wp-json\/wp\/v2\/comments?post=22"}],"version-history":[{"count":0,"href":"https:\/\/conafed.org\/index.php\/wp-json\/wp\/v2\/pages\/22\/revisions"}],"wp:attachment":[{"href":"https:\/\/conafed.org\/index.php\/wp-json\/wp\/v2\/media?parent=22"}],"curies":[{"name":"wp","href":"https:\/\/api.w.org\/{rel}","templated":true}]}}