{"id":24,"date":"2016-10-27T12:04:21","date_gmt":"2016-10-27T11:04:21","guid":{"rendered":"http:\/\/conafed.org\/?page_id=15"},"modified":"2020-05-25T17:32:50","modified_gmt":"2020-05-25T15:32:50","slug":"reseaux-et-partenaires","status":"publish","type":"page","link":"https:\/\/conafed.org\/index.php\/reseaux-et-partenaires\/","title":{"rendered":"R\u00e9seaux et Partenaires"},"content":{"rendered":"\t\t<div data-elementor-type=\"wp-post\" data-elementor-id=\"24\" class=\"elementor elementor-24\">\n\t\t\t\t\t\t<div class=\"elementor-inner\">\n\t\t\t\t<div class=\"elementor-section-wrap\">\n\t\t\t\t\t\t\t\t\t<section class=\"elementor-section elementor-top-section elementor-element elementor-element-44ed40c5 elementor-section-boxed elementor-section-height-default elementor-section-height-default wpr-particle-no wpr-jarallax-no wpr-parallax-no wpr-sticky-section-no\" data-id=\"44ed40c5\" data-element_type=\"section\" data-settings=\"{&quot;_ha_eqh_enable&quot;:false}\">\n\t\t\t\t\t\t<div class=\"elementor-container elementor-column-gap-default\">\n\t\t\t\t\t\t\t<div class=\"elementor-row\">\n\t\t\t\t\t<div class=\"elementor-column elementor-col-100 elementor-top-column elementor-element elementor-element-1255e7ab\" data-id=\"1255e7ab\" data-element_type=\"column\">\n\t\t\t<div class=\"elementor-column-wrap elementor-element-populated\">\n\t\t\t\t\t\t\t<div class=\"elementor-widget-wrap\">\n\t\t\t\t\t\t<div class=\"elementor-element elementor-element-3400354f elementor-widget elementor-widget-text-editor\" data-id=\"3400354f\" data-element_type=\"widget\" data-widget_type=\"text-editor.default\">\n\t\t\t\t<div class=\"elementor-widget-container\">\n\t\t\t\t\t\t\t\t<div class=\"elementor-text-editor elementor-clearfix\">\n\t\t\t\t<p><em><u>R\u00e9seaux<\/u><\/em><strong><em><u> d\u2019appartenance et Partenaires de collaboration<\/u><\/em><\/strong><\/p><ol><li><strong>Au niveau national\u00a0:<\/strong><\/li><\/ol><p><strong style=\"font-size: 14px;\"><em><u>R\u00e9seaux\u00a0:<\/u><\/em><\/strong><\/p><ul><li>AETA (Agir pour des Elections Transparentes et Apais\u00e9es),<\/li><li>CDCE (Cadre de Concertation pour les Elections),<\/li><li>DYSOCIV (Dynamique de la Soci\u00e9t\u00e9 Civil<\/li><li>\u00a0<\/li><li>MLK (Maison de La\u00efcit\u00e9 de Kinshasa),<\/li><li>CAFCO (Cadre permanent de Concertation de la Femme Congolaise),<\/li><li>ESPAF (Espace Femme),<\/li><\/ul><p><strong style=\"font-size: 14px;\"><em><u>Partenaires :<\/u><\/em><\/strong><\/p><ul><li>Minist\u00e8re du Genre, de la Famille et de l\u2019Enfant,<\/li><li>Minist\u00e8re de l\u2019Agriculture,<\/li><li>Minist\u00e8re du D\u00e9veloppement Rural,<\/li><li>Minist\u00e8re du Plan,<\/li><li>Organisations de la Soci\u00e9t\u00e9 Civile,<\/li><li>EFEAC (Ecole de Formation Electorale pour l\u2019Afrique Centrale).<\/li><\/ul><p><span style=\"font-size: 14px;\">2.\u00a0<\/span><strong style=\"font-size: 14px;\">Au niveau international\u00a0:<\/strong><\/p><p><strong style=\"font-size: 14px;\"><em><u>R\u00e9seaux africains\u00a0:<\/u><\/em><\/strong><\/p><ul><li>FEMNET,<\/li><li>COCAFEM\/Grands Lacs<\/li><\/ul><p><strong style=\"font-size: 14px;\"><em><u>R\u00e9seau international\u00a0:<\/u><\/em><\/strong><\/p><ul><li>Marche Mondiale des Femmes<\/li><\/ul><p><strong style=\"font-size: 14px;\"><em><u>Partenaires financiers :<\/u><\/em><\/strong><\/p><ul><li>DIAKONIA<\/li><li>SIDA<\/li><li>ActionAid\/International\u00a0<\/li><li>Medicus Mundi Bizkaia<\/li><li>Femnet Oxfam GB<\/li><li>SIDA<\/li><li>11.11.\/Belgique<\/li><li>Tr\u00f4caire \/ Irlande<\/li><li>Projet ANE-UE,<\/li><li>OSISA<\/li><li>Le Monde selon les Femmes\/Belgique<\/li><li>Oxfam \/Grande-Bretagne<\/li><li>Urgent Action Fund for Africa<\/li><li>ONU Femmes<\/li><li>CENI<\/li><li>IFES<\/li><li>DIMITRA-FAO \/ Belgique.<\/li><\/ul>\t\t\t\t\t<\/div>\n\t\t\t\t\t\t<\/div>\n\t\t\t\t<\/div>\n\t\t\t\t\t\t<\/div>\n\t\t\t\t\t<\/div>\n\t\t<\/div>\n\t\t\t\t\t\t\t\t<\/div>\n\t\t\t\t\t<\/div>\n\t\t<\/section>\n\t\t\t\t<section class=\"elementor-section elementor-top-section elementor-element elementor-element-fe04b87 elementor-section-boxed elementor-section-height-default elementor-section-height-default wpr-particle-no wpr-jarallax-no wpr-parallax-no wpr-sticky-section-no\" data-id=\"fe04b87\" data-element_type=\"section\" data-settings=\"{&quot;_ha_eqh_enable&quot;:false}\">\n\t\t\t\t\t\t<div class=\"elementor-container elementor-column-gap-default\">\n\t\t\t\t\t\t\t<div class=\"elementor-row\">\n\t\t\t\t\t<div class=\"elementor-column elementor-col-12 elementor-top-column elementor-element elementor-element-6c73e3b\" data-id=\"6c73e3b\" data-element_type=\"column\">\n\t\t\t<div class=\"elementor-column-wrap elementor-element-populated\">\n\t\t\t\t\t\t\t<div class=\"elementor-widget-wrap\">\n\t\t\t\t\t\t<div class=\"elementor-element elementor-element-c4707b7 elementor-widget elementor-widget-image\" data-id=\"c4707b7\" data-element_type=\"widget\" data-widget_type=\"image.default\">\n\t\t\t\t<div class=\"elementor-widget-container\">\n\t\t\t\t\t\t\t\t<div class=\"elementor-image\">\n\t\t\t\t\t\t\t\t\t\t\t\t<img width=\"500\" height=\"250\" src=\"https:\/\/conafed.org\/wp-content\/uploads\/2019\/03\/arton74832.jpg\" class=\"attachment-large size-large\" alt=\"\" loading=\"lazy\" \/>\t\t\t\t\t\t\t\t\t\t\t\t\t\t<\/div>\n\t\t\t\t\t\t<\/div>\n\t\t\t\t<\/div>\n\t\t\t\t\t\t<\/div>\n\t\t\t\t\t<\/div>\n\t\t<\/div>\n\t\t\t\t<div class=\"elementor-column elementor-col-12 elementor-top-column elementor-element elementor-element-86a60e0\" data-id=\"86a60e0\" data-element_type=\"column\">\n\t\t\t<div class=\"elementor-column-wrap elementor-element-populated\">\n\t\t\t\t\t\t\t<div class=\"elementor-widget-wrap\">\n\t\t\t\t\t\t<div class=\"elementor-element elementor-element-59b243f elementor-widget elementor-widget-image\" data-id=\"59b243f\" data-element_type=\"widget\" data-widget_type=\"image.default\">\n\t\t\t\t<div class=\"elementor-widget-container\">\n\t\t\t\t\t\t\t\t<div class=\"elementor-image\">\n\t\t\t\t\t\t\t\t\t\t\t\t<img width=\"720\" height=\"399\" src=\"https:\/\/conafed.org\/wp-content\/uploads\/2019\/03\/UN-Women-logo-social-media-1024x512-fr-720x399.png\" class=\"attachment-large size-large\" alt=\"\" loading=\"lazy\" \/>\t\t\t\t\t\t\t\t\t\t\t\t\t\t<\/div>\n\t\t\t\t\t\t<\/div>\n\t\t\t\t<\/div>\n\t\t\t\t\t\t<\/div>\n\t\t\t\t\t<\/div>\n\t\t<\/div>\n\t\t\t\t<div class=\"elementor-column elementor-col-12 elementor-top-column elementor-element elementor-element-340973b\" data-id=\"340973b\" data-element_type=\"column\">\n\t\t\t<div class=\"elementor-column-wrap elementor-element-populated\">\n\t\t\t\t\t\t\t<div class=\"elementor-widget-wrap\">\n\t\t\t\t\t\t<div class=\"elementor-element elementor-element-1b64d82 elementor-widget elementor-widget-image\" data-id=\"1b64d82\" data-element_type=\"widget\" data-widget_type=\"image.default\">\n\t\t\t\t<div class=\"elementor-widget-container\">\n\t\t\t\t\t\t\t\t<div class=\"elementor-image\">\n\t\t\t\t\t\t\t\t\t\t\t\t<img width=\"512\" height=\"399\" src=\"https:\/\/conafed.org\/wp-content\/uploads\/2019\/06\/Logo-new-512x399.png\" class=\"attachment-large size-large\" alt=\"\" loading=\"lazy\" \/>\t\t\t\t\t\t\t\t\t\t\t\t\t\t<\/div>\n\t\t\t\t\t\t<\/div>\n\t\t\t\t<\/div>\n\t\t\t\t\t\t<\/div>\n\t\t\t\t\t<\/div>\n\t\t<\/div>\n\t\t\t\t<div class=\"elementor-column elementor-col-12 elementor-top-column elementor-element elementor-element-5153c1c\" data-id=\"5153c1c\" data-element_type=\"column\">\n\t\t\t<div class=\"elementor-column-wrap elementor-element-populated\">\n\t\t\t\t\t\t\t<div class=\"elementor-widget-wrap\">\n\t\t\t\t\t\t<div class=\"elementor-element elementor-element-61cec79 elementor-widget elementor-widget-image\" data-id=\"61cec79\" data-element_type=\"widget\" data-widget_type=\"image.default\">\n\t\t\t\t<div class=\"elementor-widget-container\">\n\t\t\t\t\t\t\t\t<div class=\"elementor-image\">\n\t\t\t\t\t\t\t\t\t\t\t\t<img width=\"424\" height=\"119\" src=\"https:\/\/conafed.org\/wp-content\/uploads\/2019\/03\/t\u00e9l\u00e9chargement-1.jpg\" class=\"attachment-large size-large\" alt=\"\" loading=\"lazy\" \/>\t\t\t\t\t\t\t\t\t\t\t\t\t\t<\/div>\n\t\t\t\t\t\t<\/div>\n\t\t\t\t<\/div>\n\t\t\t\t\t\t<\/div>\n\t\t\t\t\t<\/div>\n\t\t<\/div>\n\t\t\t\t<div class=\"elementor-column elementor-col-12 elementor-top-column elementor-element elementor-element-4393064\" data-id=\"4393064\" data-element_type=\"column\">\n\t\t\t<div class=\"elementor-column-wrap elementor-element-populated\">\n\t\t\t\t\t\t\t<div class=\"elementor-widget-wrap\">\n\t\t\t\t\t\t<div class=\"elementor-element elementor-element-c7b45f6 elementor-widget elementor-widget-image\" data-id=\"c7b45f6\" data-element_type=\"widget\" data-widget_type=\"image.default\">\n\t\t\t\t<div class=\"elementor-widget-container\">\n\t\t\t\t\t\t\t\t<div class=\"elementor-image\">\n\t\t\t\t\t\t\t\t\t\t\t\t<img src=\"https:\/\/conafed.org\/wp-content\/uploads\/2019\/03\/oxfam_logo_vertical_green_rgb.png\" title=\"oxfam_logo_vertical_green_rgb\" alt=\"oxfam_logo_vertical_green_rgb\" \/>\t\t\t\t\t\t\t\t\t\t\t\t\t\t<\/div>\n\t\t\t\t\t\t<\/div>\n\t\t\t\t<\/div>\n\t\t\t\t\t\t<\/div>\n\t\t\t\t\t<\/div>\n\t\t<\/div>\n\t\t\t\t<div class=\"elementor-column elementor-col-12 elementor-top-column elementor-element elementor-element-848f332\" data-id=\"848f332\" data-element_type=\"column\">\n\t\t\t<div class=\"elementor-column-wrap elementor-element-populated\">\n\t\t\t\t\t\t\t<div class=\"elementor-widget-wrap\">\n\t\t\t\t\t\t<div class=\"elementor-element elementor-element-c841a80 elementor-widget elementor-widget-image\" data-id=\"c841a80\" data-element_type=\"widget\" data-widget_type=\"image.default\">\n\t\t\t\t<div class=\"elementor-widget-container\">\n\t\t\t\t\t\t\t\t<div class=\"elementor-image\">\n\t\t\t\t\t\t\t\t\t\t\t\t<img width=\"500\" height=\"325\" src=\"https:\/\/conafed.org\/wp-content\/uploads\/2019\/03\/logotype-sida.jpg\" class=\"attachment-large size-large\" alt=\"\" loading=\"lazy\" \/>\t\t\t\t\t\t\t\t\t\t\t\t\t\t<\/div>\n\t\t\t\t\t\t<\/div>\n\t\t\t\t<\/div>\n\t\t\t\t\t\t<\/div>\n\t\t\t\t\t<\/div>\n\t\t<\/div>\n\t\t\t\t<div class=\"elementor-column elementor-col-12 elementor-top-column elementor-element elementor-element-4f03073\" data-id=\"4f03073\" data-element_type=\"column\">\n\t\t\t<div class=\"elementor-column-wrap elementor-element-populated\">\n\t\t\t\t\t\t\t<div class=\"elementor-widget-wrap\">\n\t\t\t\t\t\t<div class=\"elementor-element elementor-element-ccb6e70 elementor-widget elementor-widget-image\" data-id=\"ccb6e70\" data-element_type=\"widget\" data-widget_type=\"image.default\">\n\t\t\t\t<div class=\"elementor-widget-container\">\n\t\t\t\t\t\t\t\t<div class=\"elementor-image\">\n\t\t\t\t\t\t\t\t\t\t\t\t<img width=\"271\" height=\"111\" src=\"https:\/\/conafed.org\/wp-content\/uploads\/2019\/03\/logo-cncd-1.png\" class=\"attachment-large size-large\" alt=\"\" loading=\"lazy\" \/>\t\t\t\t\t\t\t\t\t\t\t\t\t\t<\/div>\n\t\t\t\t\t\t<\/div>\n\t\t\t\t<\/div>\n\t\t\t\t\t\t<\/div>\n\t\t\t\t\t<\/div>\n\t\t<\/div>\n\t\t\t\t<div class=\"elementor-column elementor-col-12 elementor-top-column elementor-element elementor-element-190e712\" data-id=\"190e712\" data-element_type=\"column\">\n\t\t\t<div class=\"elementor-column-wrap elementor-element-populated\">\n\t\t\t\t\t\t\t<div class=\"elementor-widget-wrap\">\n\t\t\t\t\t\t<div class=\"elementor-element elementor-element-570aa01 elementor-widget elementor-widget-image\" data-id=\"570aa01\" data-element_type=\"widget\" data-widget_type=\"image.default\">\n\t\t\t\t<div class=\"elementor-widget-container\">\n\t\t\t\t\t\t\t\t<div class=\"elementor-image\">\n\t\t\t\t\t\t\t\t\t\t\t\t<img src=\"https:\/\/conafed.org\/wp-content\/uploads\/2019\/03\/logo_mondefemme.gif\" title=\"logo_mondefemme\" alt=\"logo_mondefemme\" \/>\t\t\t\t\t\t\t\t\t\t\t\t\t\t<\/div>\n\t\t\t\t\t\t<\/div>\n\t\t\t\t<\/div>\n\t\t\t\t\t\t<\/div>\n\t\t\t\t\t<\/div>\n\t\t<\/div>\n\t\t\t\t\t\t\t\t<\/div>\n\t\t\t\t\t<\/div>\n\t\t<\/section>\n\t\t\t\t\t\t\t\t\t<\/div>\n\t\t\t<\/div>\n\t\t\t\t\t<\/div>\n\t\t","protected":false},"excerpt":{"rendered":"<p>R\u00e9seaux d\u2019appartenance et Partenaires de collaboration Au niveau national\u00a0: R\u00e9seaux\u00a0: AETA (Agir pour des Elections Transparentes et Apais\u00e9es), CDCE (Cadre de Concertation pour les Elections), DYSOCIV (Dynamique de la Soci\u00e9t\u00e9 Civil \u00a0 MLK (Maison de La\u00efcit\u00e9 de Kinshasa), CAFCO (Cadre permanent de Concertation de la Femme Congolaise), ESPAF (Espace Femme), Partenaires : Minist\u00e8re du Genre, [&hellip;]<\/p>\n","protected":false},"author":1,"featured_media":0,"parent":0,"menu_order":0,"comment_status":"closed","ping_status":"closed","template":"","meta":[],"_links":{"self":[{"href":"https:\/\/conafed.org\/index.php\/wp-json\/wp\/v2\/pages\/24"}],"collection":[{"href":"https:\/\/conafed.org\/index.php\/wp-json\/wp\/v2\/pages"}],"about":[{"href":"https:\/\/conafed.org\/index.php\/wp-json\/wp\/v2\/types\/page"}],"author":[{"embeddable":true,"href":"https:\/\/conafed.org\/index.php\/wp-json\/wp\/v2\/users\/1"}],"replies":[{"embeddable":true,"href":"https:\/\/conafed.org\/index.php\/wp-json\/wp\/v2\/comments?post=24"}],"version-history":[{"count":6,"href":"https:\/\/conafed.org\/index.php\/wp-json\/wp\/v2\/pages\/24\/revisions"}],"predecessor-version":[{"id":1258,"href":"https:\/\/conafed.org\/index.php\/wp-json\/wp\/v2\/pages\/24\/revisions\/1258"}],"wp:attachment":[{"href":"https:\/\/conafed.org\/index.php\/wp-json\/wp\/v2\/media?parent=24"}],"curies":[{"name":"wp","href":"https:\/\/api.w.org\/{rel}","templated":true}]}}